{"id":111,"date":"2023-06-06T16:02:08","date_gmt":"2023-06-06T14:02:08","guid":{"rendered":"http:\/\/skyltograf.se\/?page_id=111"},"modified":"2023-06-09T09:00:50","modified_gmt":"2023-06-09T07:00:50","slug":"namnskyltar-foretag","status":"publish","type":"page","link":"https:\/\/skyltograf.se\/?page_id=111","title":{"rendered":"Namnskyltar F\u00f6retag"},"content":{"rendered":"\n<p class=\"has-black-color has-text-color\">Professionella namnbrickor i 4-f\u00e4rg, UV-tryckta f\u00f6r perfekt f\u00e4rg\u00e5tergivning och lyster. Vi levererar olika material s\u00e5som<\/p>\n\n\n\n<ul class=\"has-black-color has-text-color\">\n<li>Metall, f\u00f6rnicklad m\u00e4ssing (silvernyans)<\/li>\n\n\n\n<li>Metall m\u00e4ssing (guldnyans)<\/li>\n\n\n\n<li>Plastlaminat vit, guld, silver<\/li>\n\n\n\n<li>Tr\u00e4<\/li>\n<\/ul>\n\n\n\n<div class=\"wp-block-columns is-layout-flex wp-container-core-columns-layout-1 wp-block-columns-is-layout-flex\">\n<div class=\"wp-block-column is-layout-flow wp-block-column-is-layout-flow\"><div class=\"wp-block-image\">\n<figure class=\"aligncenter size-full is-resized\"><img loading=\"lazy\" decoding=\"async\" src=\"http:\/\/skyltograf.se\/wp-content\/uploads\/2023\/06\/ezgif-5-a32ccd3a0b.png\" alt=\"\" class=\"wp-image-139\" width=\"225\" height=\"225\" srcset=\"https:\/\/skyltograf.se\/wp-content\/uploads\/2023\/06\/ezgif-5-a32ccd3a0b.png 450w, https:\/\/skyltograf.se\/wp-content\/uploads\/2023\/06\/ezgif-5-a32ccd3a0b-300x300.png 300w, https:\/\/skyltograf.se\/wp-content\/uploads\/2023\/06\/ezgif-5-a32ccd3a0b-150x150.png 150w\" sizes=\"(max-width: 225px) 100vw, 225px\" \/><figcaption class=\"wp-element-caption\"><strong>Oval Namnskylt 63x32mm<br>Finns i m\u00e4ssing och f\u00f6rnicklad m\u00e4ssing<\/strong><\/figcaption><\/figure><\/div><\/div>\n\n\n\n<div class=\"wp-block-column is-layout-flow wp-block-column-is-layout-flow\"><div class=\"wp-block-image\">\n<figure class=\"aligncenter size-full is-resized\"><img loading=\"lazy\" decoding=\"async\" src=\"http:\/\/skyltograf.se\/wp-content\/uploads\/2023\/06\/ezgif-5-547385bb36.png\" alt=\"\" class=\"wp-image-140\" width=\"225\" height=\"225\" srcset=\"https:\/\/skyltograf.se\/wp-content\/uploads\/2023\/06\/ezgif-5-547385bb36.png 450w, https:\/\/skyltograf.se\/wp-content\/uploads\/2023\/06\/ezgif-5-547385bb36-300x300.png 300w, https:\/\/skyltograf.se\/wp-content\/uploads\/2023\/06\/ezgif-5-547385bb36-150x150.png 150w\" sizes=\"(max-width: 225px) 100vw, 225px\" \/><figcaption class=\"wp-element-caption\">Namnskylt TV-Bricka<br>32&#215;63 mm.<br>Finns i m\u00e4ssing och f\u00f6rnicklad m\u00e4ssing<\/figcaption><\/figure><\/div><\/div>\n\n\n\n<div class=\"wp-block-column is-layout-flow wp-block-column-is-layout-flow\"><div class=\"wp-block-image\">\n<figure class=\"aligncenter size-full is-resized\"><img loading=\"lazy\" decoding=\"async\" src=\"http:\/\/skyltograf.se\/wp-content\/uploads\/2023\/06\/plastlaminat01.png\" alt=\"\" class=\"wp-image-145\" width=\"225\" height=\"225\" srcset=\"https:\/\/skyltograf.se\/wp-content\/uploads\/2023\/06\/plastlaminat01.png 450w, https:\/\/skyltograf.se\/wp-content\/uploads\/2023\/06\/plastlaminat01-300x300.png 300w, https:\/\/skyltograf.se\/wp-content\/uploads\/2023\/06\/plastlaminat01-150x150.png 150w\" sizes=\"(max-width: 225px) 100vw, 225px\" \/><figcaption class=\"wp-element-caption\">Namnskylt Plast Oval<br>65&#215;36 mm<br>1,6 mm (2-skikts) plastlaminat<\/figcaption><\/figure><\/div><\/div>\n<\/div>\n\n\n\n<div class=\"wp-block-columns is-layout-flex wp-container-core-columns-layout-2 wp-block-columns-is-layout-flex\">\n<div class=\"wp-block-column is-layout-flow wp-block-column-is-layout-flow\"><div class=\"wp-block-image\">\n<figure class=\"aligncenter size-full is-resized\"><img loading=\"lazy\" decoding=\"async\" src=\"http:\/\/skyltograf.se\/wp-content\/uploads\/2023\/06\/20230608_103136_resize.jpg\" alt=\"\" class=\"wp-image-194\" width=\"225\" height=\"225\" srcset=\"https:\/\/skyltograf.se\/wp-content\/uploads\/2023\/06\/20230608_103136_resize.jpg 450w, https:\/\/skyltograf.se\/wp-content\/uploads\/2023\/06\/20230608_103136_resize-300x300.jpg 300w, https:\/\/skyltograf.se\/wp-content\/uploads\/2023\/06\/20230608_103136_resize-150x150.jpg 150w\" sizes=\"(max-width: 225px) 100vw, 225px\" \/><figcaption class=\"wp-element-caption\">Namnskyltar med olika f\u00e4rg beroende p\u00e5 vilket yrke man tillh\u00f6r \u00f6kar tydligheten b\u00e5de f\u00f6r patienterna och kolleger emellan. <a href=\"http:\/\/skyltograf.se\/?page_id=114\">L\u00e4s mer<\/a><\/figcaption><\/figure><\/div><\/div>\n\n\n\n<div class=\"wp-block-column is-layout-flow wp-block-column-is-layout-flow\"><\/div>\n\n\n\n<div class=\"wp-block-column is-layout-flow wp-block-column-is-layout-flow\"><\/div>\n<\/div>\n\n\n\n<div class=\"wp-block-columns is-layout-flex wp-container-core-columns-layout-3 wp-block-columns-is-layout-flex\">\n<div class=\"wp-block-column has-black-color has-text-color is-layout-flow wp-block-column-is-layout-flow\" style=\"flex-basis:66.66%\">\n<h2 class=\"wp-block-heading\">Storleksmall verklig storlek<\/h2>\n\n\n\n<p class=\"has-black-color has-text-color\">Avg\u00f6r vilken skyltstorlek som passar just dig. Ladda hem mallen (pdf) och j\u00e4mf\u00f6r.<br>Alla skyltm\u00e5tten \u00e4r i verklig storlek. Mallen inneh\u00e5ller b\u00e5de ovala och rektangul\u00e4ra skyltm\u00e5tt i storlekerna: O1, O2, O3, O4, R1, R2, R3 och R4.<\/p>\n\n\n\n<p>H\u00e4mta mallen h\u00e4r: <a href=\"http:\/\/www.cicograf.se\/mall_verkliga_storlekar.pdf\">mall_verkliga_storlekar.pdf<\/a><\/p>\n<\/div>\n\n\n\n<div class=\"wp-block-column is-layout-flow wp-block-column-is-layout-flow\" style=\"flex-basis:33.33%\">\n<figure class=\"wp-block-image size-full\"><a href=\"http:\/\/www.cicograf.se\/mall_verkliga_storlekar.pdf\"><img loading=\"lazy\" decoding=\"async\" width=\"200\" height=\"283\" src=\"http:\/\/skyltograf.se\/wp-content\/uploads\/2023\/06\/mall_verkliga_storlekar_ovala_resize.png\" alt=\"\" class=\"wp-image-211\"\/><\/a><\/figure>\n<\/div>\n<\/div>\n","protected":false},"excerpt":{"rendered":"<p>Professionella namnbrickor i 4-f\u00e4rg, UV-tryckta f\u00f6r perfekt f\u00e4rg\u00e5tergivning och lyster. Vi levererar olika material s\u00e5som Storleksmall verklig storlek Avg\u00f6r vilken skyltstorlek som passar just dig. Ladda hem mallen (pdf) och j\u00e4mf\u00f6r.Alla skyltm\u00e5tten \u00e4r i verklig storlek. Mallen inneh\u00e5ller b\u00e5de ovala och rektangul\u00e4ra skyltm\u00e5tt i storlekerna: O1, O2, O3, O4, R1, R2, R3 och R4. H\u00e4mta&hellip; <br \/> <a class=\"read-more\" href=\"https:\/\/skyltograf.se\/?page_id=111\">L\u00e4s mer<\/a><\/p>\n","protected":false},"author":1,"featured_media":221,"parent":0,"menu_order":0,"comment_status":"closed","ping_status":"closed","template":"","meta":{"_mi_skip_tracking":false,"_monsterinsights_sitenote_active":false,"_monsterinsights_sitenote_note":"","_monsterinsights_sitenote_category":0,"footnotes":""},"yoast_head":"<!-- This site is optimized with the Yoast SEO plugin v20.8 - https:\/\/yoast.com\/wordpress\/plugins\/seo\/ -->\n<title>Namnskyltar F\u00f6retag - Cicograf<\/title>\n<meta name=\"robots\" content=\"index, follow, max-snippet:-1, max-image-preview:large, max-video-preview:-1\" \/>\n<link rel=\"canonical\" href=\"https:\/\/skyltograf.se\/?page_id=111\" \/>\n<meta property=\"og:locale\" content=\"sv_SE\" \/>\n<meta property=\"og:type\" content=\"article\" \/>\n<meta property=\"og:title\" content=\"Namnskyltar F\u00f6retag - Cicograf\" \/>\n<meta property=\"og:description\" content=\"Professionella namnbrickor i 4-f\u00e4rg, UV-tryckta f\u00f6r perfekt f\u00e4rg\u00e5tergivning och lyster. Vi levererar olika material s\u00e5som Storleksmall verklig storlek Avg\u00f6r vilken skyltstorlek som passar just dig. Ladda hem mallen (pdf) och j\u00e4mf\u00f6r.Alla skyltm\u00e5tten \u00e4r i verklig storlek. Mallen inneh\u00e5ller b\u00e5de ovala och rektangul\u00e4ra skyltm\u00e5tt i storlekerna: O1, O2, O3, O4, R1, R2, R3 och R4. H\u00e4mta&hellip; L\u00e4s mer\" \/>\n<meta property=\"og:url\" content=\"https:\/\/skyltograf.se\/?page_id=111\" \/>\n<meta property=\"og:site_name\" content=\"Cicograf\" \/>\n<meta property=\"article:modified_time\" content=\"2023-06-09T07:00:50+00:00\" \/>\n<meta property=\"og:image\" content=\"https:\/\/skyltograf.se\/wp-content\/uploads\/2023\/06\/Depositphotos_45666937_L_02.jpg\" \/>\n\t<meta property=\"og:image:width\" content=\"1999\" \/>\n\t<meta property=\"og:image:height\" content=\"1049\" \/>\n\t<meta property=\"og:image:type\" content=\"image\/jpeg\" \/>\n<meta name=\"twitter:card\" content=\"summary_large_image\" \/>\n<meta name=\"twitter:label1\" content=\"Ber\u00e4knad l\u00e4stid\" \/>\n\t<meta name=\"twitter:data1\" content=\"2 minuter\" \/>\n<script type=\"application\/ld+json\" class=\"yoast-schema-graph\">{\"@context\":\"https:\/\/schema.org\",\"@graph\":[{\"@type\":\"WebPage\",\"@id\":\"https:\/\/skyltograf.se\/?page_id=111\",\"url\":\"https:\/\/skyltograf.se\/?page_id=111\",\"name\":\"Namnskyltar F\u00f6retag - Cicograf\",\"isPartOf\":{\"@id\":\"http:\/\/skyltograf.se\/#website\"},\"datePublished\":\"2023-06-06T14:02:08+00:00\",\"dateModified\":\"2023-06-09T07:00:50+00:00\",\"breadcrumb\":{\"@id\":\"https:\/\/skyltograf.se\/?page_id=111#breadcrumb\"},\"inLanguage\":\"sv-SE\",\"potentialAction\":[{\"@type\":\"ReadAction\",\"target\":[\"https:\/\/skyltograf.se\/?page_id=111\"]}]},{\"@type\":\"BreadcrumbList\",\"@id\":\"https:\/\/skyltograf.se\/?page_id=111#breadcrumb\",\"itemListElement\":[{\"@type\":\"ListItem\",\"position\":1,\"name\":\"Home\",\"item\":\"http:\/\/skyltograf.se\/\"},{\"@type\":\"ListItem\",\"position\":2,\"name\":\"Namnskyltar F\u00f6retag\"}]},{\"@type\":\"WebSite\",\"@id\":\"http:\/\/skyltograf.se\/#website\",\"url\":\"http:\/\/skyltograf.se\/\",\"name\":\"Cicograf\",\"description\":\"\",\"potentialAction\":[{\"@type\":\"SearchAction\",\"target\":{\"@type\":\"EntryPoint\",\"urlTemplate\":\"http:\/\/skyltograf.se\/?s={search_term_string}\"},\"query-input\":\"required name=search_term_string\"}],\"inLanguage\":\"sv-SE\"}]}<\/script>\n<!-- \/ Yoast SEO plugin. -->","yoast_head_json":{"title":"Namnskyltar F\u00f6retag - Cicograf","robots":{"index":"index","follow":"follow","max-snippet":"max-snippet:-1","max-image-preview":"max-image-preview:large","max-video-preview":"max-video-preview:-1"},"canonical":"https:\/\/skyltograf.se\/?page_id=111","og_locale":"sv_SE","og_type":"article","og_title":"Namnskyltar F\u00f6retag - Cicograf","og_description":"Professionella namnbrickor i 4-f\u00e4rg, UV-tryckta f\u00f6r perfekt f\u00e4rg\u00e5tergivning och lyster. Vi levererar olika material s\u00e5som Storleksmall verklig storlek Avg\u00f6r vilken skyltstorlek som passar just dig. Ladda hem mallen (pdf) och j\u00e4mf\u00f6r.Alla skyltm\u00e5tten \u00e4r i verklig storlek. Mallen inneh\u00e5ller b\u00e5de ovala och rektangul\u00e4ra skyltm\u00e5tt i storlekerna: O1, O2, O3, O4, R1, R2, R3 och R4. H\u00e4mta&hellip; L\u00e4s mer","og_url":"https:\/\/skyltograf.se\/?page_id=111","og_site_name":"Cicograf","article_modified_time":"2023-06-09T07:00:50+00:00","og_image":[{"width":1999,"height":1049,"url":"https:\/\/skyltograf.se\/wp-content\/uploads\/2023\/06\/Depositphotos_45666937_L_02.jpg","type":"image\/jpeg"}],"twitter_card":"summary_large_image","twitter_misc":{"Ber\u00e4knad l\u00e4stid":"2 minuter"},"schema":{"@context":"https:\/\/schema.org","@graph":[{"@type":"WebPage","@id":"https:\/\/skyltograf.se\/?page_id=111","url":"https:\/\/skyltograf.se\/?page_id=111","name":"Namnskyltar F\u00f6retag - Cicograf","isPartOf":{"@id":"http:\/\/skyltograf.se\/#website"},"datePublished":"2023-06-06T14:02:08+00:00","dateModified":"2023-06-09T07:00:50+00:00","breadcrumb":{"@id":"https:\/\/skyltograf.se\/?page_id=111#breadcrumb"},"inLanguage":"sv-SE","potentialAction":[{"@type":"ReadAction","target":["https:\/\/skyltograf.se\/?page_id=111"]}]},{"@type":"BreadcrumbList","@id":"https:\/\/skyltograf.se\/?page_id=111#breadcrumb","itemListElement":[{"@type":"ListItem","position":1,"name":"Home","item":"http:\/\/skyltograf.se\/"},{"@type":"ListItem","position":2,"name":"Namnskyltar F\u00f6retag"}]},{"@type":"WebSite","@id":"http:\/\/skyltograf.se\/#website","url":"http:\/\/skyltograf.se\/","name":"Cicograf","description":"","potentialAction":[{"@type":"SearchAction","target":{"@type":"EntryPoint","urlTemplate":"http:\/\/skyltograf.se\/?s={search_term_string}"},"query-input":"required name=search_term_string"}],"inLanguage":"sv-SE"}]}},"_links":{"self":[{"href":"https:\/\/skyltograf.se\/index.php?rest_route=\/wp\/v2\/pages\/111"}],"collection":[{"href":"https:\/\/skyltograf.se\/index.php?rest_route=\/wp\/v2\/pages"}],"about":[{"href":"https:\/\/skyltograf.se\/index.php?rest_route=\/wp\/v2\/types\/page"}],"author":[{"embeddable":true,"href":"https:\/\/skyltograf.se\/index.php?rest_route=\/wp\/v2\/users\/1"}],"replies":[{"embeddable":true,"href":"https:\/\/skyltograf.se\/index.php?rest_route=%2Fwp%2Fv2%2Fcomments&post=111"}],"version-history":[{"count":5,"href":"https:\/\/skyltograf.se\/index.php?rest_route=\/wp\/v2\/pages\/111\/revisions"}],"predecessor-version":[{"id":216,"href":"https:\/\/skyltograf.se\/index.php?rest_route=\/wp\/v2\/pages\/111\/revisions\/216"}],"wp:featuredmedia":[{"embeddable":true,"href":"https:\/\/skyltograf.se\/index.php?rest_route=\/wp\/v2\/media\/221"}],"wp:attachment":[{"href":"https:\/\/skyltograf.se\/index.php?rest_route=%2Fwp%2Fv2%2Fmedia&parent=111"}],"curies":[{"name":"wp","href":"https:\/\/api.w.org\/{rel}","templated":true}]}}